{"id":839,"date":"2016-04-10T12:18:23","date_gmt":"2016-04-10T11:18:23","guid":{"rendered":"https:\/\/gcb-sas.fr\/constructeur-maison-ossature-bois-normandie\/?page_id=839"},"modified":"2016-04-29T18:03:36","modified_gmt":"2016-04-29T17:03:36","slug":"fenetres-en-neuf","status":"publish","type":"page","link":"https:\/\/gcb-sas.fr\/constructeur-maison-ossature-bois-normandie\/charpentes-fenetres\/fenetres\/fenetres-en-neuf\/","title":{"rendered":"Fen\u00eatres en neuf"},"content":{"rendered":"<p>[vc_row][vc_column width=&#8221;1\/2&#8243;][vc_media_grid element_width=&#8221;12&#8243; grid_id=&#8221;vc_gid:1461949049797-8c35ddaf-6153-7&#8243; include=&#8221;947&#8243;][vc_empty_space][vc_media_grid element_width=&#8221;6&#8243; grid_id=&#8221;vc_gid:1461949049799-093ed074-60f9-1&#8243; include=&#8221;955,945&#8243;][\/vc_column][vc_column width=&#8221;1\/2&#8243;]<h2 class='heading ' ><span>Fen\u00eatre en Aluminium<\/span><\/h2>[vc_column_text]La fen\u00eatre alu est aussi isolante que les autres mat\u00e9riaux et r\u00e9pond parfaitement aux normes d&#8217;isolation thermique en vigueur. Gr\u00e2ce \u00e0 la technique de la rupture de pont thermique et \u00e0 un double vitrage isolant, finies les sensations de froid et de condensation ! Par sa tenue m\u00e9canique, l&#8217;alu assure sur le long terme une parfaite \u00e9tanch\u00e9it\u00e9 contre l&#8217;air, l&#8217;eau et le vent. Sa r\u00e9sistance face aux al\u00e9as climatiques et sa solidit\u00e9 garantissent un haut niveau de performances thermiques et acoustiques constant.<\/p>\n<p>Avec le thermolaquage l&#8217;alu se pare de toutes les couleurs pour personnaliser votre fa\u00e7ade : bleu, vert, rouge, marron, m\u00e9tallis\u00e9 ou mat \u2026. et respecte les harmonies pour des d\u00e9cennies. L\u2019alu pr\u00e9sente un coefficient finesse\/r\u00e9sistance in\u00e9gal\u00e9. Les fen\u00eatres alu peuvent donc \u00eatre plus grandes, tout en restant plus fines et plus discr\u00e8tes.<\/p>\n<p>Pour maintenir son bon fonctionnement et son apparence, l&#8217;aluminium n\u00e9cessite peu d&#8217;entretien. Un simple coup d&#8217;\u00e9ponge \u00e0 l&#8217;eau savonneuse suffit, lors du nettoyage de vos vitres par exemple.[\/vc_column_text][vc_column_text]L&#8217;alu est issu de la transformation de la bauxite, un mat\u00e9riau tr\u00e8s abondant sur terre (8 % de la cro\u00fbte terrestre). Apr\u00e8s l&#8217;oxyg\u00e8ne et le silicium, il en est le 3\u00e8me \u00e9l\u00e9ment avant le fer. L\u2019aluminium est recyclable et est souvent d\u00e9j\u00e0 lui-m\u00eame recycl\u00e9. En effet, L&#8217;alu est recycl\u00e9 \u00e0 95 % et ind\u00e9finiment modulable sans aucune alt\u00e9ration de ses qualit\u00e9s. Il conna\u00eet ainsi de tr\u00e8s nombreuses (re)-utilisations : fen\u00eatres, ustensiles, voitures, lunettes, papier\u2026[\/vc_column_text][\/vc_column][\/vc_row][vc_row][vc_column][vc_empty_space][\/vc_column][\/vc_row][vc_row][vc_column width=&#8221;1\/2&#8243;][vc_media_grid element_width=&#8221;6&#8243; grid_id=&#8221;vc_gid:1461949049803-cd7317e8-6483-6&#8243; include=&#8221;949,956&#8243;][\/vc_column][vc_column width=&#8221;1\/2&#8243;]<h2 class='heading ' ><span>Fen\u00eatres en bois<\/span><\/h2>[vc_column_text]Forte de son pass\u00e9, la fen\u00eatre bois s&#8217;ouvre vers l&#8217;avenir. Durable dans sa conception, le traitement r\u00e9alis\u00e9 (lasure, peinture) assure sa finition. Pour pr\u00e9server son esth\u00e9tique, l&#8217;entretien s&#8217;espace de plus en plus avec la r\u00e9sistance des produits actuels.<\/p>\n<p>Naturellement isolant, le bois poss\u00e8de d&#8217;incroyables qualit\u00e9s m\u00e9caniques, thermiques et acoustiques qui rendent la fen\u00eatre bois la plus performante. Chaleureux et noble, le bois offre naturel et authenticit\u00e9 \u00e0 votre habitation.[\/vc_column_text][\/vc_column][\/vc_row][vc_row][vc_column][vc_empty_space][\/vc_column][\/vc_row][vc_row][vc_column width=&#8221;1\/2&#8243;][vc_media_grid element_width=&#8221;6&#8243; grid_id=&#8221;vc_gid:1461949049806-7364fe82-8d34-7&#8243; include=&#8221;954,953&#8243;][\/vc_column][vc_column width=&#8221;1\/2&#8243;]<h2 class='heading ' ><span>Fen\u00eatres en PVC<\/span><\/h2>[vc_column_text]Le PVC est un mat\u00e9riau innovant, esth\u00e9tique et pratique. Il est traditionnellement blanc. Le PVC s\u2019entretient tr\u00e8s facilement : une simple eau savonneuse suffit.<\/p>\n<p>Le PVC est garant d&#8217;une isolation thermique et phonique parfaite et d&#8217;une certaine discr\u00e9tion esth\u00e9tique.<\/p>\n<p>Le PVC permet d&#8217;apporter une r\u00e9ponse \u00e0 toutes les formes et types d&#8217;ouverture.[\/vc_column_text][\/vc_column][\/vc_row][vc_row][vc_column][vc_empty_space][\/vc_column][\/vc_row][vc_row][vc_column width=&#8221;1\/2&#8243;][vc_media_grid element_width=&#8221;6&#8243; grid_id=&#8221;vc_gid:1461949204023-3e68b0c6-9be7-8&#8243; include=&#8221;952,951&#8243;][\/vc_column][vc_column width=&#8221;1\/2&#8243;]<h2 class='heading ' ><span>Fen\u00eatre mixte en Bois &amp; Aluminium<\/span><\/h2>[vc_column_text]Les menuiseries mixtes bois\/alu sont compos\u00e9es d\u2019aluminium thermolaqu\u00e9 \u00e0 l\u2019ext\u00e9rieur et de bois \u00e0 l\u2019int\u00e9rieur de la menuiserie. Le mixte bois\/alu permet toutes les libert\u00e9s et possibilit\u00e9s de formes et de couleurs : un v\u00e9ritable art de vivre. La chaleur du bois, la beaut\u00e9 de l&#8217;alu, la finesse donnent la lumi\u00e8re et l&#8217;ouverture sur l&#8217;ext\u00e9rieur.<\/p>\n<p>Le mixte bois\/alu s&#8217;int\u00e8gre parfaitement et s&#8217;adapte aussi bien au classique qu&#8217;au contemporain. Selon votre go\u00fbt et votre espace de vie, vous pourrez choisir pour l&#8217;aluminium ext\u00e9rieur entre 24 couleurs pour l\u2019aluminium ext\u00e9rieur et pour 3 essences de bois int\u00e9rieur : le ch\u00eane, le h\u00eatre, le pin. L\u2019aluminium thermolaqu\u00e9, \u00e0 l\u2019ext\u00e9rieur, prot\u00e8ge des intemp\u00e9ries, n\u00e9cessite tr\u00e8s peu d\u2019entretien et pr\u00e9serve leur p\u00e9rennit\u00e9. A l\u2019int\u00e9rieur, le bois rend l\u2019ambiance chaude et agr\u00e9able en s\u2019adaptant harmonieusement \u00e0 votre d\u00e9coration.[\/vc_column_text][\/vc_column][\/vc_row][vc_row][vc_column][vc_empty_space][\/vc_column][\/vc_row][vc_row][vc_column width=&#8221;1\/2&#8243;][vc_media_grid element_width=&#8221;6&#8243; grid_id=&#8221;vc_gid:1461949342776-10b1a099-cc8f-2&#8243; include=&#8221;956,955&#8243;][\/vc_column][vc_column width=&#8221;1\/2&#8243;]<h2 class='heading ' ><span>Verri\u00e8re Mixte Bois\/Alu<\/span><\/h2>[vc_column_text]Les menuiseries mixtes bois\/alu ainsi d\u00e9taill\u00e9es ci-dessus permettent, par leur robustesse, de cr\u00e9er des verri\u00e8res ou murs rideaux.<\/p>\n<p>La verri\u00e8re cr\u00e9e un nouvel espace de vie. Esth\u00e9tique et performante, le mixte bois\/alu privil\u00e9gie la lumi\u00e8re, lib\u00e8re l\u2019espace et agrandit l\u2019ouverture vers l\u2019ext\u00e9rieur.<\/p>\n<p>Les montants bois \u00e0 l\u2019int\u00e9rieur de la verri\u00e8re associ\u00e9es \u00e0 des profils d&#8217;aluminium thermolaqu\u00e9 \u00e0 l\u2019ext\u00e9rieur sont con\u00e7ues pour allier esth\u00e9tique et confort thermique.[\/vc_column_text][\/vc_column][\/vc_row][vc_row][vc_column][vc_empty_space][\/vc_column][\/vc_row][vc_row][vc_column]<h2 class='heading ' ><span>Portes de garage<\/span><\/h2>[\/vc_column][\/vc_row]<\/p>\n","protected":false},"excerpt":{"rendered":"<p>[vc_row][vc_column width=&#8221;1\/2&#8243;][vc_media_grid element_width=&#8221;12&#8243; grid_id=&#8221;vc_gid:1461949049797-8c35ddaf-6153-7&#8243; include=&#8221;947&#8243;][vc_empty_space][vc_media_grid element_width=&#8221;6&#8243; grid_id=&#8221;vc_gid:1461949049799-093ed074-60f9-1&#8243; include=&#8221;955,945&#8243;][\/vc_column][vc_column width=&#8221;1\/2&#8243;][vc_column_text]La fen\u00eatre alu est aussi isolante que les autres mat\u00e9riaux et r\u00e9pond parfaitement aux normes d&#8217;isolation thermique en vigueur. Gr\u00e2ce \u00e0 la technique de la rupture de pont thermique et \u00e0 un&#8230;<\/p>\n","protected":false},"author":3,"featured_media":0,"parent":835,"menu_order":0,"comment_status":"closed","ping_status":"closed","template":"","meta":{"_monsterinsights_skip_tracking":false,"_monsterinsights_sitenote_active":false,"_monsterinsights_sitenote_note":"","_monsterinsights_sitenote_category":0},"_links":{"self":[{"href":"https:\/\/gcb-sas.fr\/constructeur-maison-ossature-bois-normandie\/wp-json\/wp\/v2\/pages\/839"}],"collection":[{"href":"https:\/\/gcb-sas.fr\/constructeur-maison-ossature-bois-normandie\/wp-json\/wp\/v2\/pages"}],"about":[{"href":"https:\/\/gcb-sas.fr\/constructeur-maison-ossature-bois-normandie\/wp-json\/wp\/v2\/types\/page"}],"author":[{"embeddable":true,"href":"https:\/\/gcb-sas.fr\/constructeur-maison-ossature-bois-normandie\/wp-json\/wp\/v2\/users\/3"}],"replies":[{"embeddable":true,"href":"https:\/\/gcb-sas.fr\/constructeur-maison-ossature-bois-normandie\/wp-json\/wp\/v2\/comments?post=839"}],"version-history":[{"count":10,"href":"https:\/\/gcb-sas.fr\/constructeur-maison-ossature-bois-normandie\/wp-json\/wp\/v2\/pages\/839\/revisions"}],"predecessor-version":[{"id":1054,"href":"https:\/\/gcb-sas.fr\/constructeur-maison-ossature-bois-normandie\/wp-json\/wp\/v2\/pages\/839\/revisions\/1054"}],"up":[{"embeddable":true,"href":"https:\/\/gcb-sas.fr\/constructeur-maison-ossature-bois-normandie\/wp-json\/wp\/v2\/pages\/835"}],"wp:attachment":[{"href":"https:\/\/gcb-sas.fr\/constructeur-maison-ossature-bois-normandie\/wp-json\/wp\/v2\/media?parent=839"}],"curies":[{"name":"wp","href":"https:\/\/api.w.org\/{rel}","templated":true}]}}