{"id":831,"date":"2016-04-10T12:15:07","date_gmt":"2016-04-10T11:15:07","guid":{"rendered":"https:\/\/gcb-sas.fr\/constructeur-maison-ossature-bois-normandie\/?page_id=831"},"modified":"2017-04-11T15:24:56","modified_gmt":"2017-04-11T14:24:56","slug":"charpentes-fenetres","status":"publish","type":"page","link":"https:\/\/gcb-sas.fr\/constructeur-maison-ossature-bois-normandie\/charpentes-fenetres\/","title":{"rendered":"Charpentes et fen\u00eatres"},"content":{"rendered":"<p>[vc_row][vc_column][vc_column_text]<em><strong><span style=\"color: #ff6600;\">A l&#8217;origine \u00e9tait le travail du bois\u00a0&#8230;<br \/>\n<\/span><\/strong><\/em><\/p>\n<p>A l&#8217;origine de son savoir faire, le travail du bois est inscrit dans l&#8217;ADN de l&#8217;entreprise depuis plus de 70 ans.<\/p>\n<p>Au fil du temps nous avons \u00e9largi nos comp\u00e9tences\u00a0vers la charpentes industrielle et vers la menuiseries Aluminium, mixte ou PVC ; \u00e0 travers une s\u00e9lection rigoureuse de nos mat\u00e9riaux et de nos fournisseurs industriels.<\/p>\n<p>Aujourd&#8217;hui, nous continuons \u00e0 proposer nos services aux particuliers et professionnels\u00a0aussi bien en fourniture et pose qu&#8217;en fourniture seule.[\/vc_column_text][vc_empty_space][\/vc_column][\/vc_row][vc_row][vc_column width=&#8221;1\/3&#8243;][vc_single_image image=&#8221;1237&#8243; img_size=&#8221;large&#8221; alignment=&#8221;center&#8221; onclick=&#8221;custom_link&#8221; link=&#8221;\/constructeur-maison-ossature-bois-normandie\/charpentes-fenetres\/charpentes-en-bois\/&#8221;]<h2 class='' ><span>Charpentes<\/span><\/h2>[vc_column_text]Traditionnelle pour les amateurs de belles charpentes \u00e0 l&#8217;ancienne et la beaut\u00e9 du bois apparent ou industrielle pour un rapport qualit\u00e9 prix in\u00e9galable.[\/vc_column_text][vc_empty_space height=&#8221;10px&#8221;]<a target=\"_self\" href=\"\/constructeur-maison-ossature-bois-normandie\/charpentes-fenetres\/charpentes-en-bois\/\" class=\"btn btn-sm style-4\" id=\"custom-id-0\" style=\"\">Lire la suite<\/a>[\/vc_column][vc_column width=&#8221;1\/3&#8243;][vc_single_image source=&#8221;external_link&#8221; external_img_size=&#8221;large&#8221; alignment=&#8221;center&#8221; onclick=&#8221;custom_link&#8221; link=&#8221;\/constructeur-maison-ossature-bois-normandie\/charpentes-fenetres\/fenetres\/&#8221; custom_src=&#8221;https:\/\/gcb-sas.fr\/constructeur-maison-ossature-bois-normandie\/wp-content\/uploads\/2016\/09\/Maison_Bois_GILBERT_maisons_bois_sur_mesure_MG_5808-e1473328485233.jpg&#8221;]<h2 class='' ><span>Portes &amp; Fen\u00eatres<\/span><\/h2>[vc_column_text]Aluminium pour la finesse des profils et l&#8217;esth\u00e9tisme contemporain, bois pour son aspect chaleureux, PVC pour le confort thermique ou mixte aluminium-bois pour les plus exigeants.[\/vc_column_text][vc_empty_space height=&#8221;10px&#8221;]<a target=\"_self\" href=\"\/constructeur-maison-ossature-bois-normandie\/charpentes-fenetres\/fenetres\/\" class=\"btn btn-sm style-4\" id=\"custom-id-1\" style=\"\">Lire la suite<\/a>[\/vc_column][vc_column width=&#8221;1\/3&#8243;][vc_single_image image=&#8221;1497&#8243; img_size=&#8221;large&#8221; alignment=&#8221;center&#8221; onclick=&#8221;custom_link&#8221; link=&#8221;\/constructeur-maison-ossature-bois-normandie\/charpentes-fenetres\/portes\/&#8221;]<h2 class='' ><span>Portes de garage, volets roulants, portail, pergola<\/span><\/h2>[vc_column_text]D\u00e9couvrez l&#8217;int\u00e9gralit\u00e9 de nos comp\u00e9tences \u00e0 travers notre offre en porte de garage, volets roulants, portail et pergola.[\/vc_column_text]<a target=\"_self\" href=\"\/constructeur-maison-ossature-bois-normandie\/charpentes-fenetres\/portes\/\" class=\"btn btn-sm style-4\" id=\"custom-id-2\" style=\"\">Lire la suite<\/a>[\/vc_column][\/vc_row]<\/p>\n","protected":false},"excerpt":{"rendered":"<p>[vc_row][vc_column][vc_column_text]A l&#8217;origine \u00e9tait le travail du bois\u00a0&#8230; A l&#8217;origine de son savoir faire, le travail du bois est inscrit dans l&#8217;ADN de l&#8217;entreprise depuis plus de 70 ans. Au fil du temps nous avons \u00e9largi nos comp\u00e9tences\u00a0vers la charpentes industrielle&#8230;<\/p>\n","protected":false},"author":3,"featured_media":0,"parent":0,"menu_order":0,"comment_status":"closed","ping_status":"closed","template":"","meta":{"_monsterinsights_skip_tracking":false,"_monsterinsights_sitenote_active":false,"_monsterinsights_sitenote_note":"","_monsterinsights_sitenote_category":0},"_links":{"self":[{"href":"https:\/\/gcb-sas.fr\/constructeur-maison-ossature-bois-normandie\/wp-json\/wp\/v2\/pages\/831"}],"collection":[{"href":"https:\/\/gcb-sas.fr\/constructeur-maison-ossature-bois-normandie\/wp-json\/wp\/v2\/pages"}],"about":[{"href":"https:\/\/gcb-sas.fr\/constructeur-maison-ossature-bois-normandie\/wp-json\/wp\/v2\/types\/page"}],"author":[{"embeddable":true,"href":"https:\/\/gcb-sas.fr\/constructeur-maison-ossature-bois-normandie\/wp-json\/wp\/v2\/users\/3"}],"replies":[{"embeddable":true,"href":"https:\/\/gcb-sas.fr\/constructeur-maison-ossature-bois-normandie\/wp-json\/wp\/v2\/comments?post=831"}],"version-history":[{"count":23,"href":"https:\/\/gcb-sas.fr\/constructeur-maison-ossature-bois-normandie\/wp-json\/wp\/v2\/pages\/831\/revisions"}],"predecessor-version":[{"id":1661,"href":"https:\/\/gcb-sas.fr\/constructeur-maison-ossature-bois-normandie\/wp-json\/wp\/v2\/pages\/831\/revisions\/1661"}],"wp:attachment":[{"href":"https:\/\/gcb-sas.fr\/constructeur-maison-ossature-bois-normandie\/wp-json\/wp\/v2\/media?parent=831"}],"curies":[{"name":"wp","href":"https:\/\/api.w.org\/{rel}","templated":true}]}}