{"id":823,"date":"2016-04-10T12:03:56","date_gmt":"2016-04-10T11:03:56","guid":{"rendered":"https:\/\/gcb-sas.fr\/constructeur-maison-ossature-bois-normandie\/?page_id=823"},"modified":"2017-03-09T09:44:45","modified_gmt":"2017-03-09T08:44:45","slug":"habitats-collectivites-et-tertiaires-bois","status":"publish","type":"page","link":"https:\/\/gcb-sas.fr\/constructeur-maison-ossature-bois-normandie\/habitats-collectivites-et-tertiaires-bois\/","title":{"rendered":"Collectivit\u00e9s et tertiaire"},"content":{"rendered":"<p>[vc_row][vc_column]<h2 class='heading ' ><span>Le bois dans l&#8217;\u00e9conomie<\/span><\/h2>[\/vc_column][\/vc_row][vc_row][vc_column][vc_column_text]La construction en ossature bois dispose incontestablement de nombreux avantages sp\u00e9cialement adapt\u00e9s au logement collectif.<br \/>\nComme pour les constructions individuelles, le bois apporte un confort optimis\u00e9 en milieu collectif gr\u00e2ce \u00e0 ses caract\u00e9ristiques phoniques, thermique et \u00e9cologique. Gr\u00e2ce \u00e0 la rapidit\u00e9 d&#8217;ex\u00e9cution de ce type de chantiers, le construction en ossature bois appara\u00eet comme solution efficace face \u00e0 la p\u00e9nurie de logements en France.<\/p>\n<p>Men\u00e9s en collaboration entre nos bureaux d\u2019\u00e9tude, les architectes et le donneur d\u2019ordre, les b\u00e2timents collectifs ou tertiaires construits en Ossature Bois r\u00e9pondent \u00e0 des exigences pr\u00e9cises aux niveaux \u00e9cologique de par leur faible consommation \u00e9nerg\u00e9tique, mais aussi \u00e9conomique et budg\u00e9taire.<\/p>\n<p>Par ailleurs, l&#8217;entreprise Gilbert travaille sur des des projets de construction modulaire bois (Licence Industrielle Dhomino) permettant de construire des b\u00e2timents de grande hauteur (jusqu\u2019\u00e0 R+9) et de r\u00e9duire consid\u00e9rablement le temps de pose.<br \/>\nTous nos chantiers sont suivis par un conducteur de travaux\u00a0exp\u00e9riment\u00e9 dont la mission de coordination consiste \u00e0 faire respecter les d\u00e9lais ainsi que les exigences du contrat.[\/vc_column_text][\/vc_column][\/vc_row][vc_row][vc_column]<h2 class='heading ' ><span>Quelques exemples de r\u00e9alisations<\/span><\/h2>[\/vc_column][\/vc_row][vc_row][vc_column]<ul class='portfolio isotope classic'><li class='isotope-item habitats-collectifs-et-tertiaires-bois col-xs-6 col-md-2'><article class='inner'><a class='item-hover' href=https:\/\/gcb-sas.fr\/constructeur-maison-ossature-bois-normandie\/portfolio\/ensemble-tertiaire-logements-caudebec-caux\/><div class='mask'><\/div><div class='item-info'><div class='headline'><h2>Ensemble tertiaire et logements Caudebec-En-Caux<\/h2><\/div><\/div><\/a><div class='item-img'><img width=\"360\" height=\"267\" src=\"https:\/\/gcb-sas.fr\/constructeur-maison-ossature-bois-normandie\/wp-content\/uploads\/2017\/04\/Construction-Ossature-bois-Caudebec-3-360x267.jpg\" class=\"attachment-post-thumb attachment-post-thumb size-post-thumb wp-post-image\" alt=\"Maison Ossature bois Gilbert services-publics-caudebec-en-caux\" loading=\"lazy\" \/><\/div><\/article><\/li><li class='isotope-item habitats-collectifs-et-tertiaires-bois col-xs-6 col-md-2'><article class='inner'><a class='item-hover' href=https:\/\/gcb-sas.fr\/constructeur-maison-ossature-bois-normandie\/portfolio\/pole-emploi-de-lillebonne\/><div class='mask'><\/div><div class='item-info'><div class='headline'><h2>P\u00f4le emploi de Lillebonne<\/h2><\/div><\/div><\/a><div class='item-img'><img width=\"360\" height=\"267\" src=\"https:\/\/gcb-sas.fr\/constructeur-maison-ossature-bois-normandie\/wp-content\/uploads\/2016\/05\/Maison_Bois_GILBERT_collectivites_tertiaires_bois_pole-emploi-de-lillebonne22-360x267.jpg\" class=\"attachment-post-thumb attachment-post-thumb size-post-thumb wp-post-image\" alt=\"Maison_Bois_GILBERT_collectivites_tertiaires_bois_pole-emploi-de-lillebonne\" loading=\"lazy\" \/><\/div><\/article><\/li><li class='isotope-item habitats-collectifs-et-tertiaires-bois col-xs-6 col-md-2'><article class='inner'><a class='item-hover' href=https:\/\/gcb-sas.fr\/constructeur-maison-ossature-bois-normandie\/portfolio\/ensemble-balneaire-a-sainte-adresse-76\/><div class='mask'><\/div><div class='item-info'><div class='headline'><h2>Ensemble Baln\u00e9aire Ossature Bois \u00e0 Sainte Adresse (76)<\/h2><\/div><\/div><\/a><div class='item-img'><img width=\"360\" height=\"267\" src=\"https:\/\/gcb-sas.fr\/constructeur-maison-ossature-bois-normandie\/wp-content\/uploads\/2017\/02\/Ensemble-Baln\u00e9aire-ossature-bois-Le-Havre-360x267.jpg\" class=\"attachment-post-thumb attachment-post-thumb size-post-thumb wp-post-image\" alt=\"\" loading=\"lazy\" \/><\/div><\/article><\/li><li class='isotope-item habitats-collectifs-et-tertiaires-bois col-xs-6 col-md-2'><article class='inner'><a class='item-hover' href=https:\/\/gcb-sas.fr\/constructeur-maison-ossature-bois-normandie\/portfolio\/45-maisons-bois-a-auzebosc\/><div class='mask'><\/div><div class='item-info'><div class='headline'><h2>45 maisons bois \u00e0 Auzebosc<\/h2><\/div><\/div><\/a><div class='item-img'><img width=\"360\" height=\"267\" src=\"https:\/\/gcb-sas.fr\/constructeur-maison-ossature-bois-normandie\/wp-content\/uploads\/2016\/05\/Maison_Bois_GILBERT_collectivites_tertiaires_bois_45-maisons-bois-a-auzebosc22-360x267.jpg\" class=\"attachment-post-thumb attachment-post-thumb size-post-thumb wp-post-image\" alt=\"Maison_Bois_GILBERT_collectivites_tertiaires_bois_45-maisons-bois-a-auzebosc\" loading=\"lazy\" \/><\/div><\/article><\/li><li class='isotope-item habitats-collectifs-et-tertiaires-bois col-xs-6 col-md-2'><article class='inner'><a class='item-hover' href=https:\/\/gcb-sas.fr\/constructeur-maison-ossature-bois-normandie\/portfolio\/residence-st-exupery-au-havre-25-maisons-bois\/><div class='mask'><\/div><div class='item-info'><div class='headline'><h2>R\u00e9sidence St Exup\u00e9ry au Havre &#8211; 25 maisons bois<\/h2><\/div><\/div><\/a><div class='item-img'><img width=\"360\" height=\"267\" src=\"https:\/\/gcb-sas.fr\/constructeur-maison-ossature-bois-normandie\/wp-content\/uploads\/2016\/05\/Maison_Bois_GILBERT_collectivites_tertiaires_bois_residence-st-exupery-au-havre-360x267.jpg\" class=\"attachment-post-thumb attachment-post-thumb size-post-thumb wp-post-image\" alt=\"Maison_Bois_GILBERT_collectivites_tertiaires_bois_residence-st-exupery-au-havre-25-maisons-bois\" loading=\"lazy\" \/><\/div><\/article><\/li><li class='isotope-item habitats-collectifs-et-tertiaires-bois col-xs-6 col-md-2'><article class='inner'><a class='item-hover' href=https:\/\/gcb-sas.fr\/constructeur-maison-ossature-bois-normandie\/portfolio\/ecole-de-kite-surf-a-merville-franceville-14\/><div class='mask'><\/div><div class='item-info'><div class='headline'><h2>Ecole de Kite Surf Ossature Bois Calvados<\/h2><\/div><\/div><\/a><div class='item-img'><img width=\"360\" height=\"267\" src=\"https:\/\/gcb-sas.fr\/constructeur-maison-ossature-bois-normandie\/wp-content\/uploads\/2017\/02\/Ecole-de-Kite-Surf-Ossature-Bois-Calvados-2-360x267.jpg\" class=\"attachment-post-thumb attachment-post-thumb size-post-thumb wp-post-image\" alt=\"\" loading=\"lazy\" \/><\/div><\/article><\/li><li class='isotope-item habitats-collectifs-et-tertiaires-bois col-xs-6 col-md-2'><article class='inner'><a class='item-hover' href=https:\/\/gcb-sas.fr\/constructeur-maison-ossature-bois-normandie\/portfolio\/domaine-de-la-valette-45-maisons-en-bois\/><div class='mask'><\/div><div class='item-info'><div class='headline'><h2>Domaine de la Valette 45 maisons en bois<\/h2><\/div><\/div><\/a><div class='item-img'><img width=\"360\" height=\"267\" src=\"https:\/\/gcb-sas.fr\/constructeur-maison-ossature-bois-normandie\/wp-content\/uploads\/2016\/05\/Maison_Bois_GILBERT_collectivites_tertiaires_bois_domaine-de-la-valette-45-maisons-en-bois-360x267.jpg\" class=\"attachment-post-thumb attachment-post-thumb size-post-thumb wp-post-image\" alt=\"Maison_Bois_GILBERT_collectivites_tertiaires_bois_domaine-de-la-valette-45-maisons-en-bois\" loading=\"lazy\" \/><\/div><\/article><\/li><li class='isotope-item habitats-collectifs-et-tertiaires-bois col-xs-6 col-md-2'><article class='inner'><a class='item-hover' href=https:\/\/gcb-sas.fr\/constructeur-maison-ossature-bois-normandie\/portfolio\/residence-a-lillebonne-54-logement-collectifs\/><div class='mask'><\/div><div class='item-info'><div class='headline'><h2>Residence \u00e0 Lillebonne, 54 logement collectifs<\/h2><\/div><\/div><\/a><div class='item-img'><img width=\"360\" height=\"267\" src=\"https:\/\/gcb-sas.fr\/constructeur-maison-ossature-bois-normandie\/wp-content\/uploads\/2016\/05\/Maison_Bois_GILBERT_collectivites_tertiaires_bois_residence-a-lillebonne-54-logement-collectifs-360x267.jpg\" class=\"attachment-post-thumb attachment-post-thumb size-post-thumb wp-post-image\" alt=\"Maison_Bois_GILBERT_collectivites_tertiaires_bois_residence-a-lillebonne-54-logement-collectifs\" loading=\"lazy\" \/><\/div><\/article><\/li><li class='isotope-item habitats-collectifs-et-tertiaires-bois col-xs-6 col-md-2'><article class='inner'><a class='item-hover' href=https:\/\/gcb-sas.fr\/constructeur-maison-ossature-bois-normandie\/portfolio\/hopital-de-jour-au-havre-hopital-de-jour-en-bois\/><div class='mask'><\/div><div class='item-info'><div class='headline'><h2>Hopital de Jour au Havre &#8211; Hopital de Jour en Bois<\/h2><\/div><\/div><\/a><div class='item-img'><img width=\"360\" height=\"267\" src=\"https:\/\/gcb-sas.fr\/constructeur-maison-ossature-bois-normandie\/wp-content\/uploads\/2016\/05\/Maison_Bois_GILBERT_collectivites_tertiaires_bois_hopital-de-jour-au-havre-hopital-de-jour-en-bois-360x267.jpg\" class=\"attachment-post-thumb attachment-post-thumb size-post-thumb wp-post-image\" alt=\"Maison_Bois_GILBERT_collectivites_tertiaires_bois_hopital-de-jour-au-havre-hopital-de-jour-en-bois\" loading=\"lazy\" \/><\/div><\/article><\/li><li class='isotope-item habitats-collectifs-et-tertiaires-bois col-xs-6 col-md-2'><article class='inner'><a class='item-hover' href=https:\/\/gcb-sas.fr\/constructeur-maison-ossature-bois-normandie\/portfolio\/12-maisons-en-bois-a-bourneville-logement-en-bois\/><div class='mask'><\/div><div class='item-info'><div class='headline'><h2>12 maisons en Bois \u00e0 Bourneville &#8211; Logement en Bois<\/h2><\/div><\/div><\/a><div class='item-img'><img width=\"360\" height=\"267\" src=\"https:\/\/gcb-sas.fr\/constructeur-maison-ossature-bois-normandie\/wp-content\/uploads\/2016\/05\/Maison_Bois_GILBERT_collectivites_tertiaires_12-maisons-en-bois-a-bourneville-logement-en-bois22-360x267.jpg\" class=\"attachment-post-thumb attachment-post-thumb size-post-thumb wp-post-image\" alt=\"Maison_Bois_GILBERT_collectivites_tertiaires_12-maisons-en-bois-a-bourneville-logement-en-bois\" loading=\"lazy\" \/><\/div><\/article><\/li><li class='isotope-item habitats-collectifs-et-tertiaires-bois col-xs-6 col-md-2'><article class='inner'><a class='item-hover' href=https:\/\/gcb-sas.fr\/constructeur-maison-ossature-bois-normandie\/portfolio\/logement-social-en-bois-a-val-de-reuil-logement-en-bois\/><div class='mask'><\/div><div class='item-info'><div class='headline'><h2>Logement Social en Bois \u00e0 Val de Reuil &#8211; Logement en Bois<\/h2><\/div><\/div><\/a><div class='item-img'><img width=\"360\" height=\"267\" src=\"https:\/\/gcb-sas.fr\/constructeur-maison-ossature-bois-normandie\/wp-content\/uploads\/2016\/05\/Maison_Bois_GILBERT_collectivites_logement-social-en-bois-a-val-de-reuil-logement-en2222-360x267.jpg\" class=\"attachment-post-thumb attachment-post-thumb size-post-thumb wp-post-image\" alt=\"Maison_Bois_GILBERT_collectivites_logement-social-en-bois-a-val-de-reuil-logement\" loading=\"lazy\" \/><\/div><\/article><\/li><\/ul>[\/vc_column][\/vc_row]<\/p>\n","protected":false},"excerpt":{"rendered":"<p>[vc_row][vc_column][\/vc_column][\/vc_row][vc_row][vc_column][vc_column_text]La construction en ossature bois dispose incontestablement de nombreux avantages sp\u00e9cialement adapt\u00e9s au logement collectif. Comme pour les constructions individuelles, le bois apporte un confort optimis\u00e9 en milieu collectif gr\u00e2ce \u00e0 ses caract\u00e9ristiques phoniques, thermique et \u00e9cologique. Gr\u00e2ce \u00e0 la&#8230;<\/p>\n","protected":false},"author":3,"featured_media":0,"parent":0,"menu_order":0,"comment_status":"closed","ping_status":"closed","template":"","meta":{"_monsterinsights_skip_tracking":false,"_monsterinsights_sitenote_active":false,"_monsterinsights_sitenote_note":"","_monsterinsights_sitenote_category":0},"_links":{"self":[{"href":"https:\/\/gcb-sas.fr\/constructeur-maison-ossature-bois-normandie\/wp-json\/wp\/v2\/pages\/823"}],"collection":[{"href":"https:\/\/gcb-sas.fr\/constructeur-maison-ossature-bois-normandie\/wp-json\/wp\/v2\/pages"}],"about":[{"href":"https:\/\/gcb-sas.fr\/constructeur-maison-ossature-bois-normandie\/wp-json\/wp\/v2\/types\/page"}],"author":[{"embeddable":true,"href":"https:\/\/gcb-sas.fr\/constructeur-maison-ossature-bois-normandie\/wp-json\/wp\/v2\/users\/3"}],"replies":[{"embeddable":true,"href":"https:\/\/gcb-sas.fr\/constructeur-maison-ossature-bois-normandie\/wp-json\/wp\/v2\/comments?post=823"}],"version-history":[{"count":13,"href":"https:\/\/gcb-sas.fr\/constructeur-maison-ossature-bois-normandie\/wp-json\/wp\/v2\/pages\/823\/revisions"}],"predecessor-version":[{"id":1651,"href":"https:\/\/gcb-sas.fr\/constructeur-maison-ossature-bois-normandie\/wp-json\/wp\/v2\/pages\/823\/revisions\/1651"}],"wp:attachment":[{"href":"https:\/\/gcb-sas.fr\/constructeur-maison-ossature-bois-normandie\/wp-json\/wp\/v2\/media?parent=823"}],"curies":[{"name":"wp","href":"https:\/\/api.w.org\/{rel}","templated":true}]}}