{"id":811,"date":"2016-04-10T11:31:10","date_gmt":"2016-04-10T10:31:10","guid":{"rendered":"https:\/\/gcb-sas.fr\/constructeur-maison-ossature-bois-normandie\/?page_id=811"},"modified":"2017-03-09T09:52:26","modified_gmt":"2017-03-09T08:52:26","slug":"caracteristiques-et-performance-des-maisons-bois","status":"publish","type":"page","link":"https:\/\/gcb-sas.fr\/constructeur-maison-ossature-bois-normandie\/nos-maisons-bois\/caracteristiques-et-performance-des-maisons-bois\/","title":{"rendered":"Caract\u00e9ristiques et performance des maisons bois"},"content":{"rendered":"<p>[vc_row][vc_column][vc_column_text]<h2 class='heading ' ><span>8 bonnes raisons de pr\u00e9f\u00e9rer le bois<\/span><\/h2>[\/vc_column_text][\/vc_column][\/vc_row][vc_row][vc_column width=&#8221;1\/2&#8243;][vc_column_text el_class=&#8221;item-list-img-text&#8221;]<h3 class='style-3 ' ><span>LA FACILIT\u00c9 D&#8217;ENTRETIEN<\/span><\/h3><\/p>\n<p><a href=\"https:\/\/gcb-sas.fr\/constructeur-maison-ossature-bois-normandie\/wp-content\/uploads\/2016\/04\/Maison-Bois-GILBERT_Normandie_Octeville.jpg\" data-rel=\"lightbox-image-0\" data-rl_title=\"\" data-rl_caption=\"\" title=\"\"><img loading=\"lazy\" class=\"size-thumbnail wp-image-871 alignnone\" src=\"https:\/\/gcb-sas.fr\/constructeur-maison-ossature-bois-normandie\/wp-content\/uploads\/2016\/04\/Maison-Bois-GILBERT_Normandie_Octeville-150x150.jpg\" alt=\"Maison Bois GILBERT_Normandie_Octeville\" width=\"150\" height=\"150\" \/><\/a><\/p>\n<p>Une maison en bois, pour \u00eatre p\u00e9renne s\u2019entretient au m\u00eame titre qu\u2019une maison traditionnelle \u00e0 la diff\u00e9rence que le bardage bois offre diverses possibilit\u00e9s. La vari\u00e9t\u00e9 des fa\u00e7ades permet de choisir entre un bois qui vieillit naturellement ou une teinte qui dure dans le temps. Votre sp\u00e9cialiste GILBERT vous conseillera pour choisir la solution d\u2019entretien adapt\u00e9e \u00e0 votre bardage bois, en alliant vos souhaits d\u2019esth\u00e9tisme et votre degr\u00e9 d\u2019exigence pour entretenir votre maison.[\/vc_column_text][\/vc_column][vc_column width=&#8221;1\/2&#8243;][vc_column_text el_class=&#8221;item-list-img-text&#8221;]<h3 class='style-3 ' ><span>LA R\u00c9SISTANCE AU FEU<\/span><\/h3><\/p>\n<p><a href=\"https:\/\/gcb-sas.fr\/constructeur-maison-ossature-bois-normandie\/wp-content\/uploads\/2016\/04\/Maison-Bois-GILBERT_Normandie_Ste-Adresse-2.jpg\" data-rel=\"lightbox-image-1\" data-rl_title=\"\" data-rl_caption=\"\" title=\"\"><img loading=\"lazy\" class=\"alignnone wp-image-872 size-thumbnail\" src=\"https:\/\/gcb-sas.fr\/constructeur-maison-ossature-bois-normandie\/wp-content\/uploads\/2016\/04\/Maison-Bois-GILBERT_Normandie_Ste-Adresse-2-150x150.jpg\" alt=\"Maison Bois GILBERT_Normandie_Ste Adresse (2)\" width=\"150\" height=\"150\" \/><\/a><\/p>\n<p>Les constructions en bois sont soumises, au m\u00eame titre que les constructions traditionnelles, \u00e0 un ensemble de r\u00e9glementation dont la s\u00e9curit\u00e9 incendie. Cependant, le bois est un mat\u00e9riau qui se consume lentement et dont les r\u00e9actions face au feu sont pr\u00e9visibles et planifiables. Il ne se d\u00e9forme pas \u00e0 haute temp\u00e9rature et ne d\u00e9gage pas de gaz toxique. Les pompiers peuvent intervenir dans une structure bois alors qu\u2019ils ont interdiction de le faire dans une structure acier par exemple. De plus, les parties abim\u00e9es d\u2019une construction bois peuvent \u00eatre restaur\u00e9es contrairement aux constructions acier ou b\u00e9ton.[\/vc_column_text][\/vc_column][\/vc_row][vc_row][vc_column][vc_empty_space][\/vc_column][\/vc_row][vc_row][vc_column width=&#8221;1\/2&#8243;][vc_column_text el_class=&#8221;item-list-img-text&#8221;]<h3 class='style-3 ' ><span>LA COMP\u00c9TITIVIT\u00c9<\/span><\/h3><\/p>\n<p><img loading=\"lazy\" class=\"alignnone wp-image-1619 size-thumbnail\" src=\"https:\/\/gcb-sas.fr\/constructeur-maison-ossature-bois-normandie\/wp-content\/uploads\/2017\/02\/Maison-Marais-Vernier-\u00ae-David-Boureau-5763-150x150.jpg\" alt=\"\" width=\"150\" height=\"150\" srcset=\"https:\/\/gcb-sas.fr\/constructeur-maison-ossature-bois-normandie\/wp-content\/uploads\/2017\/02\/Maison-Marais-Vernier-\u00ae-David-Boureau-5763-150x150.jpg 150w, https:\/\/gcb-sas.fr\/constructeur-maison-ossature-bois-normandie\/wp-content\/uploads\/2017\/02\/Maison-Marais-Vernier-\u00ae-David-Boureau-5763-180x180.jpg 180w, https:\/\/gcb-sas.fr\/constructeur-maison-ossature-bois-normandie\/wp-content\/uploads\/2017\/02\/Maison-Marais-Vernier-\u00ae-David-Boureau-5763-300x300.jpg 300w, https:\/\/gcb-sas.fr\/constructeur-maison-ossature-bois-normandie\/wp-content\/uploads\/2017\/02\/Maison-Marais-Vernier-\u00ae-David-Boureau-5763-600x600.jpg 600w\" sizes=\"(max-width: 150px) 100vw, 150px\" \/><\/p>\n<p>Construire en bois ou en traditionnel demande un investissement de d\u00e9part identique. Cependant, la maison en bois permet de r\u00e9aliser des \u00e9conomies sur les co\u00fbts d\u2019exploitation ult\u00e9rieurs. En termes d\u2019entretien, de r\u00e9parations ou d\u2019extension, les charges sont moindres. Egalement, la facture \u00e9nerg\u00e9tique est bien inf\u00e9rieure au quotidien.[\/vc_column_text][\/vc_column][vc_column width=&#8221;1\/2&#8243;][vc_column_text el_class=&#8221;item-list-img-text&#8221;]<h3 class='style-3 ' ><span>LA DURABILIT\u00c9<\/span><\/h3><\/p>\n<p><a href=\"https:\/\/gcb-sas.fr\/constructeur-maison-ossature-bois-normandie\/wp-content\/uploads\/2016\/04\/Maison-Bois-GILBERT_Normandie_Ste-Adresse-9.jpg\" data-rel=\"lightbox-image-2\" data-rl_title=\"\" data-rl_caption=\"\" title=\"\"><img loading=\"lazy\" class=\"alignnone wp-image-874 size-thumbnail\" src=\"https:\/\/gcb-sas.fr\/constructeur-maison-ossature-bois-normandie\/wp-content\/uploads\/2016\/04\/Maison-Bois-GILBERT_Normandie_Ste-Adresse-9-150x150.jpg\" alt=\"Maison Bois GILBERT_Normandie_Ste Adresse (9)\" width=\"150\" height=\"150\" \/><\/a><\/p>\n<p>Les constructions les plus anciennes ont le plus souvent une ossature bois. La parfaite conservation des maisons normandes anciennes \u00e0 colombages t\u00e9moigne de cette durabilit\u00e9. La forte proportion de constructions bois dans les pays aux climats les plus extr\u00eames comme le Canada, les Etats-Unis ou le Japon t\u00e9moignent de cette durabilit\u00e9. Pour \u00eatre p\u00e9renne, comme pour tout autre construction, le bois doit \u00eatre r\u00e9guli\u00e8rement et correctement entretenu, en fonction de ses caract\u00e9ristiques.[\/vc_column_text][\/vc_column][\/vc_row][vc_row][vc_column][vc_empty_space][\/vc_column][\/vc_row][vc_row][vc_column width=&#8221;1\/2&#8243;][vc_column_text el_class=&#8221;item-list-img-text&#8221;]<h3 class='style-3 ' ><span>LIBERT\u00c9 D&#8217;EXPRESSION ET \u00c9VOLUTIVIT\u00c9<\/span><\/h3><\/p>\n<p><a href=\"https:\/\/gcb-sas.fr\/constructeur-maison-ossature-bois-normandie\/wp-content\/uploads\/2016\/04\/Maison-Bois-GILBERT_Normandie_IMG_4843.jpg\" data-rel=\"lightbox-image-3\" data-rl_title=\"\" data-rl_caption=\"\" title=\"\"><img loading=\"lazy\" class=\"alignnone wp-image-880 size-thumbnail\" src=\"https:\/\/gcb-sas.fr\/constructeur-maison-ossature-bois-normandie\/wp-content\/uploads\/2016\/04\/Maison-Bois-GILBERT_Normandie_IMG_4843-150x150.jpg\" alt=\"Maison Bois GILBERT_Normandie_IMG_4843\" width=\"150\" height=\"150\" \/><\/a><\/p>\n<p>Mat\u00e9riau souple et l\u00e9ger, le bois offre une grande libert\u00e9 d\u2019expression des styles architecturaux, des plus traditionnels au plus contemporains. Gestion coh\u00e9rente des espaces, des volumes et des lumi\u00e8res, la maison bois se cr\u00e9e en fonction de ses envies et de ses besoins. Elle se con\u00e7oit \u00e0 l\u2019image de celui qui l\u2019habite, pour une maison qui lui ressemble. La construction \u00e0 ossature bois est facilement modulable et peut s\u2019agrandir \u00e0 loisir. Elle s\u2019int\u00e8gre dans un environnement aussi bien rural qu\u2019urbain avec harmonie et esth\u00e9tisme et peut se construire facilement quel que soit le terrain.[\/vc_column_text][\/vc_column][vc_column width=&#8221;1\/2&#8243;][vc_column_text el_class=&#8221;item-list-img-text&#8221;]<h3 class='style-3 ' ><span>PERSONNALISATION DE L\u2019HABITAT<\/span><\/h3><\/p>\n<p><a href=\"https:\/\/gcb-sas.fr\/constructeur-maison-ossature-bois-normandie\/wp-content\/uploads\/2016\/04\/Maison-Bois-GILBERT_habitats-collectifs-et-tertiaires-bois_logement.jpg\" data-rel=\"lightbox-image-4\" data-rl_title=\"\" data-rl_caption=\"\" title=\"\"><img loading=\"lazy\" class=\"alignnone wp-image-938 size-thumbnail\" src=\"https:\/\/gcb-sas.fr\/constructeur-maison-ossature-bois-normandie\/wp-content\/uploads\/2016\/04\/Maison-Bois-GILBERT_habitats-collectifs-et-tertiaires-bois_logement-150x150.jpg\" alt=\"Maison Bois GILBERT_habitats-collectifs-et-tertiaires-bois_logement\" width=\"150\" height=\"150\" \/><\/a><\/p>\n<p>Mat\u00e9riau naturellement vari\u00e9 par la diversit\u00e9 des bardages qu\u2019il pr\u00e9sente, le bois offre de multiples variantes sur son aspect et ses nuances de couleurs. L\u2019entreprise Gilbert vous accompagne dans le choix du bardage bois qui vous correspondra tant en termes d\u2019aspect, de pose que d\u2019entretien. Les diff\u00e9rents mat\u00e9riaux propos\u00e9s par l\u2019Entreprise GILBERT comme les menuiseries ext\u00e9rieures ou les rev\u00eatements int\u00e9rieurs apporteront votre touche personnelle \u00e0 la finition de votre habitat.[\/vc_column_text][\/vc_column][\/vc_row][vc_row][vc_column][vc_empty_space][\/vc_column][\/vc_row][vc_row][vc_column width=&#8221;1\/2&#8243;][vc_column_text el_class=&#8221;item-list-img-text&#8221;]<h3 class='style-3 ' ><span>HARMONIE AVEC L&#8217;ENVIRONNEMENT<\/span><\/h3><\/p>\n<p><a href=\"https:\/\/gcb-sas.fr\/constructeur-maison-ossature-bois-normandie\/wp-content\/uploads\/2016\/04\/Maison-Bois-GILBERT_Normandie_Harfleur-6.jpg\" data-rel=\"lightbox-image-5\" data-rl_title=\"\" data-rl_caption=\"\" title=\"\"><img loading=\"lazy\" class=\"alignnone wp-image-869 size-thumbnail\" src=\"https:\/\/gcb-sas.fr\/constructeur-maison-ossature-bois-normandie\/wp-content\/uploads\/2016\/04\/Maison-Bois-GILBERT_Normandie_Harfleur-6-150x150.jpg\" alt=\"Maison Bois GILBERT_Normandie_Harfleur 6\" width=\"150\" height=\"150\" \/><\/a><\/p>\n<p>Construire sa maison en bois pr\u00e9sente de multiples avantages. Facilement transportable car l\u00e9ger, le bois permet une meilleure accessibilit\u00e9 au terrain. Les d\u00e9lais de r\u00e9alisation sont plus courts et il laisse un chantier propre. Ce mode de construction favorise les \u00e9conomies en mati\u00e8re d\u2019\u00e9nergie car c\u2019est une mati\u00e8re premi\u00e8re disponible et un mat\u00e9riau qui se renouvelle naturellement. Les d\u00e9chets de bois sont \u00e9galement r\u00e9utilisables et ne d\u00e9gagent pas de substances toxiques. Construire en bois c\u2019est choisir de vivre en harmonie avec la nature, de pr\u00e9server l\u2019\u00e9cosyst\u00e8me, d\u2019\u00e9viter l\u2019effet de serre et de permettre un entretien des for\u00eats dans une d\u00e9marche de d\u00e9veloppement durable.[\/vc_column_text][\/vc_column][vc_column width=&#8221;1\/2&#8243;][vc_column_text el_class=&#8221;item-list-img-text&#8221;]<h3 class='style-3 ' ><span>CONFORT ET BIEN-\u00caTRE<\/span><\/h3><\/p>\n<p><a href=\"https:\/\/gcb-sas.fr\/constructeur-maison-ossature-bois-normandie\/wp-content\/uploads\/2016\/04\/Maison-Bois-GILBERT_Normandie_IMG_7096-2.jpg\" data-rel=\"lightbox-image-6\" data-rl_title=\"\" data-rl_caption=\"\" title=\"\"><img loading=\"lazy\" class=\"alignnone wp-image-881 size-thumbnail\" src=\"https:\/\/gcb-sas.fr\/constructeur-maison-ossature-bois-normandie\/wp-content\/uploads\/2016\/04\/Maison-Bois-GILBERT_Normandie_IMG_7096-2-150x150.jpg\" alt=\"Maison Bois GILBERT_Normandie_IMG_7096-2\" width=\"150\" height=\"150\" \/><\/a><\/p>\n<p>Les parois des maisons en bois de conception r\u00e9cente sont constitu\u00e9es de mat\u00e9riaux organiques, vivants et \u00e9cologiques. Les habitations \u00e0 base de bois sont saines et durables, elles respirent. Le bois \u00e0 la capacit\u00e9 \u00e0 absorber et \u00e0 restituer l\u2019air ambiant et ne diffuse aucune substance nocive. N\u00e9 de la nature, le bois \u00e9veille les sens et rend l\u2019espace chaleureux dans une atmosph\u00e8re confortable.[\/vc_column_text][\/vc_column][\/vc_row]<\/p>\n","protected":false},"excerpt":{"rendered":"<p>[vc_row][vc_column][vc_column_text][\/vc_column_text][\/vc_column][\/vc_row][vc_row][vc_column width=&#8221;1\/2&#8243;][vc_column_text el_class=&#8221;item-list-img-text&#8221;] Une maison en bois, pour \u00eatre p\u00e9renne s\u2019entretient au m\u00eame titre qu\u2019une maison traditionnelle \u00e0 la diff\u00e9rence que le bardage bois offre diverses possibilit\u00e9s. La vari\u00e9t\u00e9 des fa\u00e7ades permet de choisir entre un bois qui vieillit naturellement&#8230;<\/p>\n","protected":false},"author":3,"featured_media":0,"parent":843,"menu_order":0,"comment_status":"closed","ping_status":"closed","template":"","meta":{"_monsterinsights_skip_tracking":false,"_monsterinsights_sitenote_active":false,"_monsterinsights_sitenote_note":"","_monsterinsights_sitenote_category":0},"_links":{"self":[{"href":"https:\/\/gcb-sas.fr\/constructeur-maison-ossature-bois-normandie\/wp-json\/wp\/v2\/pages\/811"}],"collection":[{"href":"https:\/\/gcb-sas.fr\/constructeur-maison-ossature-bois-normandie\/wp-json\/wp\/v2\/pages"}],"about":[{"href":"https:\/\/gcb-sas.fr\/constructeur-maison-ossature-bois-normandie\/wp-json\/wp\/v2\/types\/page"}],"author":[{"embeddable":true,"href":"https:\/\/gcb-sas.fr\/constructeur-maison-ossature-bois-normandie\/wp-json\/wp\/v2\/users\/3"}],"replies":[{"embeddable":true,"href":"https:\/\/gcb-sas.fr\/constructeur-maison-ossature-bois-normandie\/wp-json\/wp\/v2\/comments?post=811"}],"version-history":[{"count":23,"href":"https:\/\/gcb-sas.fr\/constructeur-maison-ossature-bois-normandie\/wp-json\/wp\/v2\/pages\/811\/revisions"}],"predecessor-version":[{"id":1653,"href":"https:\/\/gcb-sas.fr\/constructeur-maison-ossature-bois-normandie\/wp-json\/wp\/v2\/pages\/811\/revisions\/1653"}],"up":[{"embeddable":true,"href":"https:\/\/gcb-sas.fr\/constructeur-maison-ossature-bois-normandie\/wp-json\/wp\/v2\/pages\/843"}],"wp:attachment":[{"href":"https:\/\/gcb-sas.fr\/constructeur-maison-ossature-bois-normandie\/wp-json\/wp\/v2\/media?parent=811"}],"curies":[{"name":"wp","href":"https:\/\/api.w.org\/{rel}","templated":true}]}}