{"id":1656,"date":"2017-03-30T14:51:44","date_gmt":"2017-03-30T13:51:44","guid":{"rendered":"https:\/\/gcb-sas.fr\/constructeur-maison-ossature-bois-normandie\/?page_id=1656"},"modified":"2017-05-03T11:59:24","modified_gmt":"2017-05-03T10:59:24","slug":"carte-de-nos-realisations-collectivites-tertiaire","status":"publish","type":"page","link":"https:\/\/gcb-sas.fr\/constructeur-maison-ossature-bois-normandie\/carte-de-nos-realisations-collectivites-tertiaire\/","title":{"rendered":"Carte de nos r\u00e9alisations : Collectivit\u00e9s et tertiaire"},"content":{"rendered":"<div id=\"lmm_0eb19dc7\" style=\"width:100%;\" class=\"mapsmarker layermap layer-2\">\n<div id=\"lmm_panel_0eb19dc7\" class=\"lmm-panel\" style=\"background:#efefef;\">\n<div id=\"lmm_panel_api_0eb19dc7\" class=\"lmm-panel-api\"><a href=\"https:\/\/gcb-sas.fr\/constructeur-maison-ossature-bois-normandie\/wp-content\/plugins\/leaflet-maps-marker\/leaflet-fullscreen.php?layer=2\" style=\"text-decoration:none;\" title=\"Ouvrir la carte toute seule en mode plein \u00e9cran\" target=\"_blank\"><img src=\"https:\/\/gcb-sas.fr\/constructeur-maison-ossature-bois-normandie\/wp-content\/plugins\/leaflet-maps-marker\/inc\/img\/icon-fullscreen.png\" width=\"14\" height=\"14\" alt=\"Fullscreen-Logo\" class=\"lmm-panel-api-images\" \/><\/a><\/div><div id=\"lmm_panel_text_0eb19dc7\" class=\"lmm-panel-text\" style=\"font-weight:bold;color:#373737;\">Collectivit\u00e9s et tertiaire<\/div>\n<\/div>\n<div id=\"lmm_map_0eb19dc7\" class=\"lmm-map\" style=\"background:#f6f6f6;border:1px solid #ccc;height:480px; overflow:hidden;padding:0;\"><p style=\"font-size:80%;color:#9f9e9e;margin-left:5px;\">chargement de la carte - veuillez patienter...<noscript><br\/><strong>La carte ne peut \u00eatre charg\u00e9e - s'il vous pla\u00eet activer Javascript !<\/strong><br\/><a style=\"text-decoration:none;\" href=\"https:\/\/www.mapsmarker.com\/js-disabled\" target=\"_blank\">&rarr; plus d'informations<\/a><\/noscript><\/p><\/div>\n<div id=\"lmm_geo_tags_0eb19dc7_1\" class=\"lmm-geo-tags geo\">P\u00f4le emploi de Lillebonne: <span class=\"latitude\">49.508500<\/span>, <span class=\"longitude\">0.533806<\/span><\/div>\n<div id=\"lmm_geo_tags_0eb19dc7_2\" class=\"lmm-geo-tags geo\">Maison bois Seine-Maritime \u00e0 Duclair: <span class=\"latitude\">49.489700<\/span>, <span class=\"longitude\">0.866658<\/span><\/div>\n<div id=\"lmm_listmarkers_0eb19dc7\" class=\"lmm-listmarkers\" style=\"width:100%;\">\n<table style=\"width:100%;\" id=\"lmm_listmarkers_table_0eb19dc7\" class=\"lmm-listmarkers-table\"><tr><td class=\"lmm-listmarkers-icon\"><img style=\"border-radius:0;box-shadow:none;\" alt=\"marker icon\" src=\"https:\/\/gcb-sas.fr\/constructeur-maison-ossature-bois-normandie\/wp-content\/uploads\/leaflet-maps-marker-icons\/house.png\" \/><\/td><td class=\"lmm-listmarkers-popuptext\"><div class=\"lmm-listmarkers-panel-icons\">&nbsp;<a href=\"https:\/\/gcb-sas.fr\/constructeur-maison-ossature-bois-normandie\/wp-content\/plugins\/leaflet-maps-marker\/leaflet-fullscreen.php?marker=1\" style=\"text-decoration:none;\" title=\"Ouvrir la carte toute seule en mode plein \u00e9cran\" target=\"_blank\"><img src=\"https:\/\/gcb-sas.fr\/constructeur-maison-ossature-bois-normandie\/wp-content\/plugins\/leaflet-maps-marker\/inc\/img\/icon-fullscreen.png\" width=\"14\" height=\"14\" alt=\"Fullscreen-Logo\" class=\"lmm-panel-api-images\" \/><\/a><\/div><span class=\"lmm-listmarkers-markername\">P\u00f4le emploi de Lillebonne<\/span><br\/><span class=\"lmm-listmarkers-popuptext-only\"><h6>P\u00f4le emploi de Lillebonne<\/h6><br \/><br \/><a href=\"https:\/\/gcb-sas.fr\/constructeur-maison-ossature-bois-normandie\/portfolio\/pole-emploi-de-lillebonne\/\" target=\"_blank\" rel=\"noopener noreferrer\">Voir la r\u00e9alisation<\/a><\/h6><\/span><br\/><div class=\"lmm-listmarkers-hr\">Lillebonne Normandie, France<\/div><\/td><\/tr><tr><td class=\"lmm-listmarkers-icon\"><img style=\"border-radius:0;box-shadow:none;\" alt=\"marker icon\" src=\"https:\/\/gcb-sas.fr\/constructeur-maison-ossature-bois-normandie\/wp-content\/uploads\/leaflet-maps-marker-icons\/house.png\" \/><\/td><td class=\"lmm-listmarkers-popuptext\"><div class=\"lmm-listmarkers-panel-icons\">&nbsp;<a href=\"https:\/\/gcb-sas.fr\/constructeur-maison-ossature-bois-normandie\/wp-content\/plugins\/leaflet-maps-marker\/leaflet-fullscreen.php?marker=2\" style=\"text-decoration:none;\" title=\"Ouvrir la carte toute seule en mode plein \u00e9cran\" target=\"_blank\"><img src=\"https:\/\/gcb-sas.fr\/constructeur-maison-ossature-bois-normandie\/wp-content\/plugins\/leaflet-maps-marker\/inc\/img\/icon-fullscreen.png\" width=\"14\" height=\"14\" alt=\"Fullscreen-Logo\" class=\"lmm-panel-api-images\" \/><\/a><\/div><span class=\"lmm-listmarkers-markername\">Maison bois Seine-Maritime \u00e0 Duclair<\/span><br\/><span class=\"lmm-listmarkers-popuptext-only\"><h6>Maison en bois \u00e0 Duclair<\/h6><br \/><br \/><a href=\"https:\/\/gcb-sas.fr\/constructeur-maison-ossature-bois-normandie\/portfolio\/maison-bois-a-duclair\/\" target=\"_blank\" rel=\"noopener noreferrer\">Voir la r\u00e9alisation<\/a><\/h6><\/span><br\/><div class=\"lmm-listmarkers-hr\">Duclair Normandie, France<\/div><\/td><\/tr><\/table><\/div><\/div>\n","protected":false},"excerpt":{"rendered":"Collectivit\u00e9s et tertiaire chargement de la carte - veuillez patienter...La carte ne peut \u00eatre charg\u00e9e - s'il vous pla\u00eet activer Javascript !&rarr; plus d'informations P\u00f4le emploi de Lillebonne: 49.508500, 0.533806 Maison bois Seine-Maritime \u00e0 Duclair: 49.489700, 0.866658 &nbsp;P\u00f4le emploi de...","protected":false},"author":1,"featured_media":0,"parent":0,"menu_order":0,"comment_status":"closed","ping_status":"closed","template":"","meta":{"_monsterinsights_skip_tracking":false,"_monsterinsights_sitenote_active":false,"_monsterinsights_sitenote_note":"","_monsterinsights_sitenote_category":0},"_links":{"self":[{"href":"https:\/\/gcb-sas.fr\/constructeur-maison-ossature-bois-normandie\/wp-json\/wp\/v2\/pages\/1656"}],"collection":[{"href":"https:\/\/gcb-sas.fr\/constructeur-maison-ossature-bois-normandie\/wp-json\/wp\/v2\/pages"}],"about":[{"href":"https:\/\/gcb-sas.fr\/constructeur-maison-ossature-bois-normandie\/wp-json\/wp\/v2\/types\/page"}],"author":[{"embeddable":true,"href":"https:\/\/gcb-sas.fr\/constructeur-maison-ossature-bois-normandie\/wp-json\/wp\/v2\/users\/1"}],"replies":[{"embeddable":true,"href":"https:\/\/gcb-sas.fr\/constructeur-maison-ossature-bois-normandie\/wp-json\/wp\/v2\/comments?post=1656"}],"version-history":[{"count":10,"href":"https:\/\/gcb-sas.fr\/constructeur-maison-ossature-bois-normandie\/wp-json\/wp\/v2\/pages\/1656\/revisions"}],"predecessor-version":[{"id":1701,"href":"https:\/\/gcb-sas.fr\/constructeur-maison-ossature-bois-normandie\/wp-json\/wp\/v2\/pages\/1656\/revisions\/1701"}],"wp:attachment":[{"href":"https:\/\/gcb-sas.fr\/constructeur-maison-ossature-bois-normandie\/wp-json\/wp\/v2\/media?parent=1656"}],"curies":[{"name":"wp","href":"https:\/\/api.w.org\/{rel}","templated":true}]}}