{"id":11,"date":"2014-11-11T11:14:05","date_gmt":"2014-11-11T10:14:05","guid":{"rendered":"http:\/\/anpsthemes.com\/constructo\/?page_id=11"},"modified":"2023-07-10T17:27:57","modified_gmt":"2023-07-10T16:27:57","slug":"entreprise-gilbert","status":"publish","type":"page","link":"https:\/\/gcb-sas.fr\/constructeur-maison-ossature-bois-normandie\/entreprise-gilbert\/","title":{"rendered":"GCB"},"content":{"rendered":"<p>[vc_row][vc_column width=&#8221;1\/2&#8243;][vc_single_image image=&#8221;1573&#8243; img_size=&#8221;large&#8221; alignment=&#8221;center&#8221;][\/vc_column][vc_column width=&#8221;1\/2&#8243;]<h2 class='heading ' ><span>PLUS DE 70 ANS DE SAVOIR-FAIRE<\/span><\/h2>[vc_column_text]Depuis 2018, GCB affirme son savoir-faire dans la charpente, l&#8217;ossature bois et la menuiserie.<\/p>\n<p>A l\u2019origine constructeur de maisons traditionnelles normandes, l\u2019entreprise s\u2019est rapidement inscrite dans une logique de modernit\u00e9 en int\u00e9grant de nouveaux mat\u00e9riaux tels que l\u2019aluminium, le verre et les automatismes, et de nouvelles techniques de fabrication telle que l\u2019ossature bois.<\/p>\n<p>La toute premi\u00e8re maison \u00e0 ossature bois r\u00e9alis\u00e9e par GCB date de 1946.<\/p>\n<p>Aujourd\u2019hui, elle affirme son identit\u00e9 dans la construction de maisons \u00e0 ossature bois et la pose de menuiseries ext\u00e9rieures en aluminium, bois, PVC et mixte bois\/alu.<\/p>\n<p>Avec 50 maisons \u00e0 ossature bois fabriqu\u00e9es et pos\u00e9es par an ainsi que 350 logements \u00e9quip\u00e9s en fen\u00eatres et portes par an, GCB est pr\u00e9sente sur toute la Haute-Normandie ainsi que sur le d\u00e9partement du Calvados. Nous intervenons \u00e9galement r\u00e9guli\u00e8rement dans l&#8217;ouest de la r\u00e9gion parisienne.[\/vc_column_text][\/vc_column][\/vc_row][vc_row][vc_column][vc_empty_space][vc_row_inner][vc_column_inner el_class=&#8221;certifications&#8221; width=&#8221;1\/2&#8243;][vc_media_grid element_width=&#8221;6&#8243; grid_id=&#8221;vc_gid:1689006423160-43470163-819e-0&#8243; include=&#8221;1186,1471,1185,1470,1783&#8243;][\/vc_column_inner][vc_column_inner width=&#8221;1\/2&#8243;]<h2 class='heading ' ><span>NOS GARANTIES ET CONTRATS<\/span><\/h2><h3 class='heading ' ><span>QUALIBAT HAUTE TECHNICIT\u00c9<\/span><\/h3>[vc_column_text]Organisme ind\u00e9pendant qui \u00e9value avec rigueur et objectivit\u00e9 les comp\u00e9tences techniques et le s\u00e9rieux des entreprises de b\u00e2timent, dans les diff\u00e9rents corps de m\u00e9tiers. Le process de fabrication de notre soci\u00e9t\u00e9 de production a re\u00e7u le label de qualification QUALIBAT.<br \/>\n<strong>Normes 2322<\/strong> pour la charpente et <strong>4323<\/strong> pour la menuiserie.[\/vc_column_text]<h3 class='heading ' ><span>R\u00e9glementation thermique RT2012 &amp; Maison Passive <\/span><\/h3>[vc_column_text]Respect de la r\u00e9glementation thermique RT2012.<\/p>\n<p>Certification Concepteur de Maison Passive par le Passiv Haus Institut depuis 2017.<\/p>\n<p>[\/vc_column_text]<h3 class='heading ' ><span>CCMI (pour les maisons individuelles)<\/span><\/h3>[vc_column_text]Contrat de constructeur de maisons individuelles permettant de fournir la garantie de bonne fin de travaux \u00e0 prix et d\u00e9lais convenus et de d\u00e9livrer l\u2019assurance dommage ouvrage.[\/vc_column_text]<h3 class='heading ' ><span>AUTRES TYPES DE CONTRAT<\/span><\/h3>[vc_column_text]Contrat de march\u00e9s de travaux, contrat d\u2019architecte, contrat de Ma\u00eetrise d\u2019\u0153uvre.<br \/>\nPrestations du \u00ab hors d\u2019eau-hors d\u2019air \u00bb au cl\u00e9 en main .[\/vc_column_text][\/vc_column_inner][\/vc_row_inner][vc_empty_space][vc_media_grid element_width=&#8221;3&#8243; grid_id=&#8221;vc_gid:1689006423161-3d33ef7b-ef9f-7&#8243; include=&#8221;1092,1091,1577,1582&#8243;][\/vc_column][\/vc_row]<\/p>\n","protected":false},"excerpt":{"rendered":"<p>[vc_row][vc_column width=&#8221;1\/2&#8243;][vc_single_image image=&#8221;1573&#8243; img_size=&#8221;large&#8221; alignment=&#8221;center&#8221;][\/vc_column][vc_column width=&#8221;1\/2&#8243;][vc_column_text]Depuis 2018, GCB affirme son savoir-faire dans la charpente, l&#8217;ossature bois et la menuiserie. A l\u2019origine constructeur de maisons traditionnelles normandes, l\u2019entreprise s\u2019est rapidement inscrite dans une logique de modernit\u00e9 en int\u00e9grant de nouveaux mat\u00e9riaux&#8230;<\/p>\n","protected":false},"author":3,"featured_media":0,"parent":0,"menu_order":0,"comment_status":"closed","ping_status":"closed","template":"","meta":{"_monsterinsights_skip_tracking":false,"_monsterinsights_sitenote_active":false,"_monsterinsights_sitenote_note":"","_monsterinsights_sitenote_category":0},"_links":{"self":[{"href":"https:\/\/gcb-sas.fr\/constructeur-maison-ossature-bois-normandie\/wp-json\/wp\/v2\/pages\/11"}],"collection":[{"href":"https:\/\/gcb-sas.fr\/constructeur-maison-ossature-bois-normandie\/wp-json\/wp\/v2\/pages"}],"about":[{"href":"https:\/\/gcb-sas.fr\/constructeur-maison-ossature-bois-normandie\/wp-json\/wp\/v2\/types\/page"}],"author":[{"embeddable":true,"href":"https:\/\/gcb-sas.fr\/constructeur-maison-ossature-bois-normandie\/wp-json\/wp\/v2\/users\/3"}],"replies":[{"embeddable":true,"href":"https:\/\/gcb-sas.fr\/constructeur-maison-ossature-bois-normandie\/wp-json\/wp\/v2\/comments?post=11"}],"version-history":[{"count":26,"href":"https:\/\/gcb-sas.fr\/constructeur-maison-ossature-bois-normandie\/wp-json\/wp\/v2\/pages\/11\/revisions"}],"predecessor-version":[{"id":1810,"href":"https:\/\/gcb-sas.fr\/constructeur-maison-ossature-bois-normandie\/wp-json\/wp\/v2\/pages\/11\/revisions\/1810"}],"wp:attachment":[{"href":"https:\/\/gcb-sas.fr\/constructeur-maison-ossature-bois-normandie\/wp-json\/wp\/v2\/media?parent=11"}],"curies":[{"name":"wp","href":"https:\/\/api.w.org\/{rel}","templated":true}]}}