{"id":1097,"date":"2016-04-30T18:13:51","date_gmt":"2016-04-30T17:13:51","guid":{"rendered":"https:\/\/gcb-sas.fr\/constructeur-maison-ossature-bois-normandie\/?page_id=1097"},"modified":"2017-03-09T08:46:38","modified_gmt":"2017-03-09T07:46:38","slug":"projets-maisons-bois","status":"publish","type":"page","link":"https:\/\/gcb-sas.fr\/constructeur-maison-ossature-bois-normandie\/nos-maisons-bois\/projets-maisons-bois\/","title":{"rendered":"Projets en cours et \u00e0 venir"},"content":{"rendered":"<p>[vc_row][vc_column]<h2 class='heading ' ><span>Un art de vivre \u00e0 port\u00e9e de tous !<\/span><\/h2>[\/vc_column][\/vc_row][vc_row][vc_column][vc_column_text]Toujours plus audacieux, nos projets de r\u00e9alisation de <strong>maisons \u00e0 ossature bois<\/strong> allient la performance et l\u2019efficacit\u00e9 aux niveaux \u00e9nerg\u00e9tique, acoustique et thermique.<br \/>\nCes projets naissent de la <strong>rencontre de vos id\u00e9es et de l\u2019expertise de notre m\u00e9tier<\/strong>. Les architectes avec lesquels nous travaillons sont reconnus pour leur talent, leur professionnalisme et le respect de votre cahier des charges et de votre budget. Nous r\u00e9pondons \u00e0 tous vos besoins et envies. L\u2019ossature bois permet toutes les formes d\u2019architecture. Le bois permet d\u2019allier tous types de rev\u00eatements (m\u00e9l\u00e8ze naturel ou pr\u00e9 gris\u00e9, enduit lisse, bardage de couleur, panneau composite). Nos architectes vous permettent de mettre en forme l\u2019id\u00e9e que vous vous faite de votre projet de maison ossature bois. Certains de nos projets allient, le bois, le b\u00e9ton et le m\u00e9tal permettant de donner ainsi, un caract\u00e8re unique \u00e0 votre projet.<br \/>\n<strong>D\u2019une bonne \u00e9coute na\u00eet un beau projet !<\/strong>[\/vc_column_text][vc_empty_space]<h2 class='heading ' ><span>Quelques projets de maisons \u00e0 ossature bois \u00e0 venir &#8230;<\/span><\/h2>[vc_empty_space][\/vc_column][\/vc_row][vc_row][vc_column][vc_media_grid style=&#8221;lazy&#8221; element_width=&#8221;3&#8243; gap=&#8221;10&#8243; item=&#8221;1452&#8243; grid_id=&#8221;vc_gid:1489045337873-48d0afe6-1067-10&#8243; include=&#8221;1641,1640,1637,1636,992,1639,1592,986,1601,1600,1594,1593,1602,991,1591,1589,990,988,993,1597,1596,987,982,1603,980,1638&#8243;][\/vc_column][\/vc_row]<\/p>\n","protected":false},"excerpt":{"rendered":"<p>[vc_row][vc_column][\/vc_column][\/vc_row][vc_row][vc_column][vc_column_text]Toujours plus audacieux, nos projets de r\u00e9alisation de maisons \u00e0 ossature bois allient la performance et l\u2019efficacit\u00e9 aux niveaux \u00e9nerg\u00e9tique, acoustique et thermique. Ces projets naissent de la rencontre de vos id\u00e9es et de l\u2019expertise de notre m\u00e9tier. Les architectes&#8230;<\/p>\n","protected":false},"author":3,"featured_media":0,"parent":843,"menu_order":0,"comment_status":"closed","ping_status":"closed","template":"","meta":{"_monsterinsights_skip_tracking":false,"_monsterinsights_sitenote_active":false,"_monsterinsights_sitenote_note":"","_monsterinsights_sitenote_category":0},"_links":{"self":[{"href":"https:\/\/gcb-sas.fr\/constructeur-maison-ossature-bois-normandie\/wp-json\/wp\/v2\/pages\/1097"}],"collection":[{"href":"https:\/\/gcb-sas.fr\/constructeur-maison-ossature-bois-normandie\/wp-json\/wp\/v2\/pages"}],"about":[{"href":"https:\/\/gcb-sas.fr\/constructeur-maison-ossature-bois-normandie\/wp-json\/wp\/v2\/types\/page"}],"author":[{"embeddable":true,"href":"https:\/\/gcb-sas.fr\/constructeur-maison-ossature-bois-normandie\/wp-json\/wp\/v2\/users\/3"}],"replies":[{"embeddable":true,"href":"https:\/\/gcb-sas.fr\/constructeur-maison-ossature-bois-normandie\/wp-json\/wp\/v2\/comments?post=1097"}],"version-history":[{"count":23,"href":"https:\/\/gcb-sas.fr\/constructeur-maison-ossature-bois-normandie\/wp-json\/wp\/v2\/pages\/1097\/revisions"}],"predecessor-version":[{"id":1642,"href":"https:\/\/gcb-sas.fr\/constructeur-maison-ossature-bois-normandie\/wp-json\/wp\/v2\/pages\/1097\/revisions\/1642"}],"up":[{"embeddable":true,"href":"https:\/\/gcb-sas.fr\/constructeur-maison-ossature-bois-normandie\/wp-json\/wp\/v2\/pages\/843"}],"wp:attachment":[{"href":"https:\/\/gcb-sas.fr\/constructeur-maison-ossature-bois-normandie\/wp-json\/wp\/v2\/media?parent=1097"}],"curies":[{"name":"wp","href":"https:\/\/api.w.org\/{rel}","templated":true}]}}